{"id":23,"date":"2024-06-04T15:49:24","date_gmt":"2024-06-04T12:49:24","guid":{"rendered":"https:\/\/www.sammalvuo.fi\/?page_id=23"},"modified":"2024-06-04T18:31:13","modified_gmt":"2024-06-04T15:31:13","slug":"authorised-translator","status":"publish","type":"page","link":"https:\/\/www.sammalvuo.fi\/?page_id=23","title":{"rendered":"Authorised translator"},"content":{"rendered":"\n<p>I am an authorised translator (also known as a sworn translator or official translator) from Spanish into Finnish. Only authorised translators have the right to carry out authorised translations. I graduated from the University of Turku with a Master&#8217;s degree in Spanish Translation in 2016 and have been an authorised translator since February 2017.<\/p>\n\n\n\n<p><\/p>\n\n\n\n<p><strong>When do you need an authorised translation?<\/strong><\/p>\n\n\n\n<p>The most common situation where an authorised translation is required is when a document (e.g. a marriage certificate or a deed of inheritance) is submitted to an authority in another country. The need for an authorised translation is usually communicated to the client by the authority receiving the document. In the case of contracts or other documents between individuals or legal entities, it is generally not necessary for the translation to be authorised. See also <a href=\"https:\/\/www.oph.fi\/en\/services\/are-you-looking-authorised-translator\">Are you looking for an authorised translator? | Finnish National Agency for Education (oph.fi)<\/a>.<\/p>\n\n\n\n<p><strong>How much does an authorized translation cost?<\/strong><\/p>\n\n\n\n<p>My basic rate for a standard text is \u20ac0.30 per source language word (+ \u20ac2 per translator&#8217;s note) and \u20ac20 for an authorised translator&#8217;s confirmation. At present, the typical turnaround time is approximately one week.<\/p>\n\n\n\n<p><strong>I need an authorized translation. What now?<\/strong><\/p>\n\n\n\n<p>In principle, for an authorized translation, the original document is always needed. The requirement is determined by the authority receiving the translation. In addition, the document must be legalised prior to translation. See <a href=\"https:\/\/www.sktl.fi\/kaantaminen_ja_tulkkaus\/auktorisoitu-kaantaminen\/auktorisoidun-kaantajan-ohjeet\/3-asiakirjan-laillistaminen-kans\/\">Asiakirjan laillistaminen kansainv\u00e4lisess\u00e4 asiakirjaliikenteess\u00e4 &#8211; Suomen k\u00e4\u00e4nt\u00e4jien ja tulkkien liitto (sktl.fi)<\/a> (in Finnish). Please note that it is necessary for the authorised translator to know the purpose of the translation and the authority that will receive it.<\/p>\n\n\n\n<p><strong>Other language combinations<\/strong><\/p>\n\n\n\n<p>I also translate from English and Swedish into Finnish, but I am not authorised to do authorized translations in these languages. My rate for translations is the same as for translations from Spanish to Finnish, which is \u20ac0.30 per word in the source language.<\/p>\n\n\n\n<p><strong>Questions?<\/strong><\/p>\n\n\n\n<p>For more information, please send an e-mail to tapani (at) sammalvuo.fi.<\/p>\n","protected":false},"excerpt":{"rendered":"<p>I am an authorised translator (also known as a sworn translator or official translator) from Spanish into Finnish. Only authorised translators have the right to carry out authorised translations. I graduated from the University of Turku with a Master&#8217;s degree in Spanish Translation in 2016 and have been an authorised translator since February 2017. When [&hellip;]<\/p>\n","protected":false},"author":1,"featured_media":0,"parent":0,"menu_order":0,"comment_status":"closed","ping_status":"closed","template":"","meta":{"footnotes":""},"class_list":["post-23","page","type-page","status-publish","hentry"],"yoast_head":"<!-- This site is optimized with the Yoast SEO plugin v27.6 - https:\/\/yoast.com\/product\/yoast-seo-wordpress\/ -->\n<title>Authorised translator - Tapani Sammalvuo<\/title>\n<meta name=\"robots\" content=\"index, follow, max-snippet:-1, max-image-preview:large, max-video-preview:-1\" \/>\n<link rel=\"canonical\" href=\"https:\/\/www.sammalvuo.fi\/?page_id=23\" \/>\n<meta property=\"og:locale\" content=\"fi_FI\" \/>\n<meta property=\"og:type\" content=\"article\" \/>\n<meta property=\"og:title\" content=\"Authorised translator - Tapani Sammalvuo\" \/>\n<meta property=\"og:description\" content=\"I am an authorised translator (also known as a sworn translator or official translator) from Spanish into Finnish. Only authorised translators have the right to carry out authorised translations. I graduated from the University of Turku with a Master&#8217;s degree in Spanish Translation in 2016 and have been an authorised translator since February 2017. When [&hellip;]\" \/>\n<meta property=\"og:url\" content=\"https:\/\/www.sammalvuo.fi\/?page_id=23\" \/>\n<meta property=\"og:site_name\" content=\"Tapani Sammalvuo\" \/>\n<meta property=\"article:modified_time\" content=\"2024-06-04T15:31:13+00:00\" \/>\n<meta property=\"og:image\" content=\"https:\/\/www.sammalvuo.fi\/wp-content\/uploads\/2024\/06\/cropped-Tapani-takakansi-mv-scaled-1.jpg\" \/>\n\t<meta property=\"og:image:width\" content=\"512\" \/>\n\t<meta property=\"og:image:height\" content=\"512\" \/>\n\t<meta property=\"og:image:type\" content=\"image\/jpeg\" \/>\n<meta name=\"twitter:card\" content=\"summary_large_image\" \/>\n<meta name=\"twitter:label1\" content=\"Arvioitu lukuaika\" \/>\n\t<meta name=\"twitter:data1\" content=\"2 minuuttia\" \/>\n<script type=\"application\/ld+json\" class=\"yoast-schema-graph\">{\"@context\":\"https:\\\/\\\/schema.org\",\"@graph\":[{\"@type\":\"WebPage\",\"@id\":\"https:\\\/\\\/www.sammalvuo.fi\\\/?page_id=23\",\"url\":\"https:\\\/\\\/www.sammalvuo.fi\\\/?page_id=23\",\"name\":\"Authorised translator - Tapani Sammalvuo\",\"isPartOf\":{\"@id\":\"https:\\\/\\\/www.sammalvuo.fi\\\/#website\"},\"datePublished\":\"2024-06-04T12:49:24+00:00\",\"dateModified\":\"2024-06-04T15:31:13+00:00\",\"breadcrumb\":{\"@id\":\"https:\\\/\\\/www.sammalvuo.fi\\\/?page_id=23#breadcrumb\"},\"inLanguage\":\"fi\",\"potentialAction\":[{\"@type\":\"ReadAction\",\"target\":[\"https:\\\/\\\/www.sammalvuo.fi\\\/?page_id=23\"]}]},{\"@type\":\"BreadcrumbList\",\"@id\":\"https:\\\/\\\/www.sammalvuo.fi\\\/?page_id=23#breadcrumb\",\"itemListElement\":[{\"@type\":\"ListItem\",\"position\":1,\"name\":\"Etusivu\",\"item\":\"https:\\\/\\\/www.sammalvuo.fi\\\/\"},{\"@type\":\"ListItem\",\"position\":2,\"name\":\"Authorised translator\"}]},{\"@type\":\"WebSite\",\"@id\":\"https:\\\/\\\/www.sammalvuo.fi\\\/#website\",\"url\":\"https:\\\/\\\/www.sammalvuo.fi\\\/\",\"name\":\"Tapani Sammalvuo\",\"description\":\"Shakin kansainv\u00e4linen mestari, auktorisoitu k\u00e4\u00e4nt\u00e4j\u00e4, kielitieteilij\u00e4\",\"publisher\":{\"@id\":\"https:\\\/\\\/www.sammalvuo.fi\\\/#\\\/schema\\\/person\\\/dc00c2b2a541f77c2dc2a843c2be179a\"},\"potentialAction\":[{\"@type\":\"SearchAction\",\"target\":{\"@type\":\"EntryPoint\",\"urlTemplate\":\"https:\\\/\\\/www.sammalvuo.fi\\\/?s={search_term_string}\"},\"query-input\":{\"@type\":\"PropertyValueSpecification\",\"valueRequired\":true,\"valueName\":\"search_term_string\"}}],\"inLanguage\":\"fi\"},{\"@type\":[\"Person\",\"Organization\"],\"@id\":\"https:\\\/\\\/www.sammalvuo.fi\\\/#\\\/schema\\\/person\\\/dc00c2b2a541f77c2dc2a843c2be179a\",\"name\":\"TapaniSammalvuo\",\"image\":{\"@type\":\"ImageObject\",\"inLanguage\":\"fi\",\"@id\":\"https:\\\/\\\/www.sammalvuo.fi\\\/wp-content\\\/uploads\\\/2024\\\/06\\\/cropped-Tapani-takakansi-mv-scaled-1.jpg\",\"url\":\"https:\\\/\\\/www.sammalvuo.fi\\\/wp-content\\\/uploads\\\/2024\\\/06\\\/cropped-Tapani-takakansi-mv-scaled-1.jpg\",\"contentUrl\":\"https:\\\/\\\/www.sammalvuo.fi\\\/wp-content\\\/uploads\\\/2024\\\/06\\\/cropped-Tapani-takakansi-mv-scaled-1.jpg\",\"width\":512,\"height\":512,\"caption\":\"TapaniSammalvuo\"},\"logo\":{\"@id\":\"https:\\\/\\\/www.sammalvuo.fi\\\/wp-content\\\/uploads\\\/2024\\\/06\\\/cropped-Tapani-takakansi-mv-scaled-1.jpg\"}}]}<\/script>\n<!-- \/ Yoast SEO plugin. -->","yoast_head_json":{"title":"Authorised translator - Tapani Sammalvuo","robots":{"index":"index","follow":"follow","max-snippet":"max-snippet:-1","max-image-preview":"max-image-preview:large","max-video-preview":"max-video-preview:-1"},"canonical":"https:\/\/www.sammalvuo.fi\/?page_id=23","og_locale":"fi_FI","og_type":"article","og_title":"Authorised translator - Tapani Sammalvuo","og_description":"I am an authorised translator (also known as a sworn translator or official translator) from Spanish into Finnish. Only authorised translators have the right to carry out authorised translations. I graduated from the University of Turku with a Master&#8217;s degree in Spanish Translation in 2016 and have been an authorised translator since February 2017. When [&hellip;]","og_url":"https:\/\/www.sammalvuo.fi\/?page_id=23","og_site_name":"Tapani Sammalvuo","article_modified_time":"2024-06-04T15:31:13+00:00","og_image":[{"width":512,"height":512,"url":"https:\/\/www.sammalvuo.fi\/wp-content\/uploads\/2024\/06\/cropped-Tapani-takakansi-mv-scaled-1.jpg","type":"image\/jpeg"}],"twitter_card":"summary_large_image","twitter_misc":{"Arvioitu lukuaika":"2 minuuttia"},"schema":{"@context":"https:\/\/schema.org","@graph":[{"@type":"WebPage","@id":"https:\/\/www.sammalvuo.fi\/?page_id=23","url":"https:\/\/www.sammalvuo.fi\/?page_id=23","name":"Authorised translator - Tapani Sammalvuo","isPartOf":{"@id":"https:\/\/www.sammalvuo.fi\/#website"},"datePublished":"2024-06-04T12:49:24+00:00","dateModified":"2024-06-04T15:31:13+00:00","breadcrumb":{"@id":"https:\/\/www.sammalvuo.fi\/?page_id=23#breadcrumb"},"inLanguage":"fi","potentialAction":[{"@type":"ReadAction","target":["https:\/\/www.sammalvuo.fi\/?page_id=23"]}]},{"@type":"BreadcrumbList","@id":"https:\/\/www.sammalvuo.fi\/?page_id=23#breadcrumb","itemListElement":[{"@type":"ListItem","position":1,"name":"Etusivu","item":"https:\/\/www.sammalvuo.fi\/"},{"@type":"ListItem","position":2,"name":"Authorised translator"}]},{"@type":"WebSite","@id":"https:\/\/www.sammalvuo.fi\/#website","url":"https:\/\/www.sammalvuo.fi\/","name":"Tapani Sammalvuo","description":"Shakin kansainv\u00e4linen mestari, auktorisoitu k\u00e4\u00e4nt\u00e4j\u00e4, kielitieteilij\u00e4","publisher":{"@id":"https:\/\/www.sammalvuo.fi\/#\/schema\/person\/dc00c2b2a541f77c2dc2a843c2be179a"},"potentialAction":[{"@type":"SearchAction","target":{"@type":"EntryPoint","urlTemplate":"https:\/\/www.sammalvuo.fi\/?s={search_term_string}"},"query-input":{"@type":"PropertyValueSpecification","valueRequired":true,"valueName":"search_term_string"}}],"inLanguage":"fi"},{"@type":["Person","Organization"],"@id":"https:\/\/www.sammalvuo.fi\/#\/schema\/person\/dc00c2b2a541f77c2dc2a843c2be179a","name":"TapaniSammalvuo","image":{"@type":"ImageObject","inLanguage":"fi","@id":"https:\/\/www.sammalvuo.fi\/wp-content\/uploads\/2024\/06\/cropped-Tapani-takakansi-mv-scaled-1.jpg","url":"https:\/\/www.sammalvuo.fi\/wp-content\/uploads\/2024\/06\/cropped-Tapani-takakansi-mv-scaled-1.jpg","contentUrl":"https:\/\/www.sammalvuo.fi\/wp-content\/uploads\/2024\/06\/cropped-Tapani-takakansi-mv-scaled-1.jpg","width":512,"height":512,"caption":"TapaniSammalvuo"},"logo":{"@id":"https:\/\/www.sammalvuo.fi\/wp-content\/uploads\/2024\/06\/cropped-Tapani-takakansi-mv-scaled-1.jpg"}}]}},"_links":{"self":[{"href":"https:\/\/www.sammalvuo.fi\/index.php?rest_route=\/wp\/v2\/pages\/23","targetHints":{"allow":["GET"]}}],"collection":[{"href":"https:\/\/www.sammalvuo.fi\/index.php?rest_route=\/wp\/v2\/pages"}],"about":[{"href":"https:\/\/www.sammalvuo.fi\/index.php?rest_route=\/wp\/v2\/types\/page"}],"author":[{"embeddable":true,"href":"https:\/\/www.sammalvuo.fi\/index.php?rest_route=\/wp\/v2\/users\/1"}],"replies":[{"embeddable":true,"href":"https:\/\/www.sammalvuo.fi\/index.php?rest_route=%2Fwp%2Fv2%2Fcomments&post=23"}],"version-history":[{"count":3,"href":"https:\/\/www.sammalvuo.fi\/index.php?rest_route=\/wp\/v2\/pages\/23\/revisions"}],"predecessor-version":[{"id":63,"href":"https:\/\/www.sammalvuo.fi\/index.php?rest_route=\/wp\/v2\/pages\/23\/revisions\/63"}],"wp:attachment":[{"href":"https:\/\/www.sammalvuo.fi\/index.php?rest_route=%2Fwp%2Fv2%2Fmedia&parent=23"}],"curies":[{"name":"wp","href":"https:\/\/api.w.org\/{rel}","templated":true}]}}