{"id":31,"date":"2024-06-04T17:00:54","date_gmt":"2024-06-04T14:00:54","guid":{"rendered":"https:\/\/www.sammalvuo.fi\/?page_id=31"},"modified":"2024-11-07T06:45:05","modified_gmt":"2024-11-07T04:45:05","slug":"shakki","status":"publish","type":"page","link":"https:\/\/www.sammalvuo.fi\/?page_id=31","title":{"rendered":"Tapani Sammalvuo, shakinpelaaja"},"content":{"rendered":"\n<p><em>Kuvassa ex-MM Viswanathan Anand ja Tapani Sammalvuo pelaamassa kevytt\u00e4 peli\u00e4 M\u00e9ridassa vuonna 2000. Kuva: Alex Ojeda Lara<\/em><\/p>\n\n\n\n<p><strong>Shakki-CV<\/strong><\/p>\n\n\n\n<ul class=\"wp-block-list\">\n<li>Mestariehdokas 1991<\/li>\n\n\n\n<li>Shakkimestari 1992<\/li>\n\n\n\n<li>FIDE-mestari 1993<\/li>\n\n\n\n<li>Shakin kansainv\u00e4linen mestari 1998<\/li>\n\n\n\n<li>1 kiinnitys suurmestarin arvonimeen (Bled 2002)<\/li>\n\n\n\n<li>FIDE Trainer 2015<\/li>\n\n\n\n<li>Toivo Kein\u00e4sen valmentaja 2015-17<\/li>\n\n\n\n<li>Suomen mestari pitk\u00e4ss\u00e4 peliss\u00e4 1998 ja 2005<\/li>\n\n\n\n<li>Suomen mestari nopeassa shakissa 1995, 1996, 1999, 2002, 2004, 2005, 2020<\/li>\n\n\n\n<li>Suomen mestari pikashakissa 1997, 1998, 1999, 2000, 2005, 2017 (6 edellist\u00e4 osallistumiskertaa)<\/li>\n\n\n\n<li>Joukkue-SM 2013, 2014, 2018, 2019<\/li>\n\n\n\n<li>Nopean shakin joukkue-SM 1995, 2002, 2005<\/li>\n\n\n\n<li>Joukkuepikapelin SM 1997, 2002, 2008<\/li>\n\n\n\n<li>Avoin SM 2004<\/li>\n\n\n\n<li>Vuonna 2005 hallitseva Suomen mestari seitsem\u00e4ss\u00e4 eri kilpailumuodossa (pitk\u00e4 peli, nopea shakki, pikashakki, JSM, nopea JSM, joukkuepikapelin SM ja avoin SM)<\/li>\n\n\n\n<li>Huippuelo 2492 (11\/2010)<\/li>\n\n\n\n<li>Huippuselo 2553 (07\/2004)<\/li>\n\n\n\n<li>Edustanut Suomea seitsemiss\u00e4 shakkiolympialaisissa (1994, 1996, 1998, 2002, 2004, 2006, 2008)<\/li>\n\n\n\n<li>Henkil\u00f6kohtainen pronssimitali Bledin shakkiolympialaisissa 2002<\/li>\n\n\n\n<li>Edustanut Suomea maajoukkueiden EM-kisoissa 1999, 2003, 2005, 2007, 2015, 2023<\/li>\n\n\n\n<li><a href=\"https:\/\/www.olimpbase.org\/1995k\/1995fa.html\">26-vuotiaiden joukkue-MM-kisoissa<\/a> 1995 pronssia, edusti Suomea my\u00f6s vuoden 1993 kisoissa<\/li>\n\n\n\n<li>Ep\u00e4virallinen nuorten pikashakin Euroopan mestaruus 1992, Ringsted, Tanska<\/li>\n\n\n\n<li>Osallistunut Eurocupiin 2012, 2018, 2020, 2021, 2023, 2024<\/li>\n\n\n\n<li>Kirjoja: <a href=\"http:\/\/www.gambitbooks.com\/books\/The_English_Attack.html\">The English Attack<\/a> (2004), <a href=\"https:\/\/shakkitori.fi\/?product=shakin-maailmanmestareita-toinen-tarkistettu-ja-laajennettu-painos\">Shakin maailmanmestareita (toinen, tarkistettu ja laajennettu painos)<\/a> (yhdess\u00e4 Kimmo Konsalan kanssa) 2024<\/li>\n\n\n\n<li>Shakkikustantamo <a href=\"https:\/\/shakkitori.fi\/\">Shakkitori Oy<\/a>:n perustaja<\/li>\n\n\n\n<li>Edustaa Raahen Linnoitusta<\/li>\n\n\n\n<li>Edustanut <a href=\"https:\/\/www.farstask.se\/2017\/09\/30\/spelarpresentation-tapani-sammalvuo\/\">Farsta SK<\/a>:ta Ruotsin joukkuemestaruuskisoissa 1993-<\/li>\n\n\n\n<li>Edustanut <a href=\"https:\/\/schach.be\/\">Schachfreunde Wirtzfeld<\/a>i\u00e4 Belgian liigassa 2008-<\/li>\n\n\n\n<li>Edustanut <a href=\"https:\/\/www.facebook.com\/groups\/244268535122\/?locale=fi_FI\">V\u00edkingakl\u00fabburinn<\/a>ia Islannin liigassa 2021-<\/li>\n\n\n\n<li>Edustanut <a href=\"https:\/\/www.facebook.com\/ericescacchi\/?locale=it_IT\">Amici della Scacchiera di Erice<\/a> Italian joukkuemestaruusturnauksessa 2022<\/li>\n\n\n\n<li><a href=\"https:\/\/www.shakkiliitto.fi\/\">Suomen Shakkiliito<\/a>n my\u00f6nt\u00e4m\u00e4 shakin ansiomerkki 2018<\/li>\n\n\n\n<li>Esiintyy kahdessa Botezin siskojen YouTube-videossa, jotka ovat saaneet yhteens\u00e4 yli 500 000 katselukertaa: <a href=\"https:\/\/www.youtube.com\/watch?v=ybVbZ1UHZJY\">Guy in Bar Told Me He Beat The World Champion<\/a> ja <a href=\"https:\/\/www.youtube.com\/watch?v=FVZDyumzSkA\">Guy in Bar Said He Beat The World Champion<\/a><\/li>\n<\/ul>\n\n\n\n<figure class=\"wp-block-image size-full\"><img loading=\"lazy\" decoding=\"async\" width=\"707\" height=\"481\" src=\"https:\/\/www.sammalvuo.fi\/wp-content\/uploads\/2024\/06\/2002-11-26-Selolistan-karki.jpg\" alt=\"\" class=\"wp-image-65\" srcset=\"https:\/\/www.sammalvuo.fi\/wp-content\/uploads\/2024\/06\/2002-11-26-Selolistan-karki.jpg 707w, https:\/\/www.sammalvuo.fi\/wp-content\/uploads\/2024\/06\/2002-11-26-Selolistan-karki-300x204.jpg 300w\" sizes=\"auto, (max-width: 707px) 100vw, 707px\" \/><\/figure>\n\n\n\n<p><em>Selolistan tilanne 26.11.2002 ennen Tomi Nyb\u00e4ckin valtakautta.<\/em><\/p>\n","protected":false},"excerpt":{"rendered":"<p>Kuvassa ex-MM Viswanathan Anand ja Tapani Sammalvuo pelaamassa kevytt\u00e4 peli\u00e4 M\u00e9ridassa vuonna 2000. Kuva: Alex Ojeda Lara Shakki-CV Selolistan tilanne 26.11.2002 ennen Tomi Nyb\u00e4ckin valtakautta.<\/p>\n","protected":false},"author":1,"featured_media":33,"parent":0,"menu_order":0,"comment_status":"closed","ping_status":"closed","template":"","meta":{"footnotes":""},"class_list":["post-31","page","type-page","status-publish","has-post-thumbnail","hentry"],"yoast_head":"<!-- This site is optimized with the Yoast SEO plugin v27.6 - https:\/\/yoast.com\/product\/yoast-seo-wordpress\/ -->\n<title>Tapani Sammalvuo, shakinpelaaja - Tapani Sammalvuo<\/title>\n<meta name=\"robots\" content=\"index, follow, max-snippet:-1, max-image-preview:large, max-video-preview:-1\" \/>\n<link rel=\"canonical\" href=\"https:\/\/www.sammalvuo.fi\/?page_id=31\" \/>\n<meta property=\"og:locale\" content=\"fi_FI\" \/>\n<meta property=\"og:type\" content=\"article\" \/>\n<meta property=\"og:title\" content=\"Tapani Sammalvuo, shakinpelaaja - Tapani Sammalvuo\" \/>\n<meta property=\"og:description\" content=\"Kuvassa ex-MM Viswanathan Anand ja Tapani Sammalvuo pelaamassa kevytt\u00e4 peli\u00e4 M\u00e9ridassa vuonna 2000. Kuva: Alex Ojeda Lara Shakki-CV Selolistan tilanne 26.11.2002 ennen Tomi Nyb\u00e4ckin valtakautta.\" \/>\n<meta property=\"og:url\" content=\"https:\/\/www.sammalvuo.fi\/?page_id=31\" \/>\n<meta property=\"og:site_name\" content=\"Tapani Sammalvuo\" \/>\n<meta property=\"article:modified_time\" content=\"2024-11-07T04:45:05+00:00\" \/>\n<meta property=\"og:image\" content=\"https:\/\/www.sammalvuo.fi\/wp-content\/uploads\/2024\/06\/Sammalvuo-Anand.jpg\" \/>\n\t<meta property=\"og:image:width\" content=\"604\" \/>\n\t<meta property=\"og:image:height\" content=\"453\" \/>\n\t<meta property=\"og:image:type\" content=\"image\/jpeg\" \/>\n<meta name=\"twitter:card\" content=\"summary_large_image\" \/>\n<meta name=\"twitter:label1\" content=\"Arvioitu lukuaika\" \/>\n\t<meta name=\"twitter:data1\" content=\"3 minuuttia\" \/>\n<script type=\"application\/ld+json\" class=\"yoast-schema-graph\">{\"@context\":\"https:\\\/\\\/schema.org\",\"@graph\":[{\"@type\":\"WebPage\",\"@id\":\"https:\\\/\\\/www.sammalvuo.fi\\\/?page_id=31\",\"url\":\"https:\\\/\\\/www.sammalvuo.fi\\\/?page_id=31\",\"name\":\"Tapani Sammalvuo, shakinpelaaja - Tapani Sammalvuo\",\"isPartOf\":{\"@id\":\"https:\\\/\\\/www.sammalvuo.fi\\\/#website\"},\"primaryImageOfPage\":{\"@id\":\"https:\\\/\\\/www.sammalvuo.fi\\\/?page_id=31#primaryimage\"},\"image\":{\"@id\":\"https:\\\/\\\/www.sammalvuo.fi\\\/?page_id=31#primaryimage\"},\"thumbnailUrl\":\"https:\\\/\\\/www.sammalvuo.fi\\\/wp-content\\\/uploads\\\/2024\\\/06\\\/Sammalvuo-Anand.jpg\",\"datePublished\":\"2024-06-04T14:00:54+00:00\",\"dateModified\":\"2024-11-07T04:45:05+00:00\",\"breadcrumb\":{\"@id\":\"https:\\\/\\\/www.sammalvuo.fi\\\/?page_id=31#breadcrumb\"},\"inLanguage\":\"fi\",\"potentialAction\":[{\"@type\":\"ReadAction\",\"target\":[\"https:\\\/\\\/www.sammalvuo.fi\\\/?page_id=31\"]}]},{\"@type\":\"ImageObject\",\"inLanguage\":\"fi\",\"@id\":\"https:\\\/\\\/www.sammalvuo.fi\\\/?page_id=31#primaryimage\",\"url\":\"https:\\\/\\\/www.sammalvuo.fi\\\/wp-content\\\/uploads\\\/2024\\\/06\\\/Sammalvuo-Anand.jpg\",\"contentUrl\":\"https:\\\/\\\/www.sammalvuo.fi\\\/wp-content\\\/uploads\\\/2024\\\/06\\\/Sammalvuo-Anand.jpg\",\"width\":604,\"height\":453},{\"@type\":\"BreadcrumbList\",\"@id\":\"https:\\\/\\\/www.sammalvuo.fi\\\/?page_id=31#breadcrumb\",\"itemListElement\":[{\"@type\":\"ListItem\",\"position\":1,\"name\":\"Etusivu\",\"item\":\"https:\\\/\\\/www.sammalvuo.fi\\\/\"},{\"@type\":\"ListItem\",\"position\":2,\"name\":\"Tapani Sammalvuo, shakinpelaaja\"}]},{\"@type\":\"WebSite\",\"@id\":\"https:\\\/\\\/www.sammalvuo.fi\\\/#website\",\"url\":\"https:\\\/\\\/www.sammalvuo.fi\\\/\",\"name\":\"Tapani Sammalvuo\",\"description\":\"Shakin kansainv\u00e4linen mestari, auktorisoitu k\u00e4\u00e4nt\u00e4j\u00e4, kielitieteilij\u00e4\",\"publisher\":{\"@id\":\"https:\\\/\\\/www.sammalvuo.fi\\\/#\\\/schema\\\/person\\\/dc00c2b2a541f77c2dc2a843c2be179a\"},\"potentialAction\":[{\"@type\":\"SearchAction\",\"target\":{\"@type\":\"EntryPoint\",\"urlTemplate\":\"https:\\\/\\\/www.sammalvuo.fi\\\/?s={search_term_string}\"},\"query-input\":{\"@type\":\"PropertyValueSpecification\",\"valueRequired\":true,\"valueName\":\"search_term_string\"}}],\"inLanguage\":\"fi\"},{\"@type\":[\"Person\",\"Organization\"],\"@id\":\"https:\\\/\\\/www.sammalvuo.fi\\\/#\\\/schema\\\/person\\\/dc00c2b2a541f77c2dc2a843c2be179a\",\"name\":\"TapaniSammalvuo\",\"image\":{\"@type\":\"ImageObject\",\"inLanguage\":\"fi\",\"@id\":\"https:\\\/\\\/www.sammalvuo.fi\\\/wp-content\\\/uploads\\\/2024\\\/06\\\/cropped-Tapani-takakansi-mv-scaled-1.jpg\",\"url\":\"https:\\\/\\\/www.sammalvuo.fi\\\/wp-content\\\/uploads\\\/2024\\\/06\\\/cropped-Tapani-takakansi-mv-scaled-1.jpg\",\"contentUrl\":\"https:\\\/\\\/www.sammalvuo.fi\\\/wp-content\\\/uploads\\\/2024\\\/06\\\/cropped-Tapani-takakansi-mv-scaled-1.jpg\",\"width\":512,\"height\":512,\"caption\":\"TapaniSammalvuo\"},\"logo\":{\"@id\":\"https:\\\/\\\/www.sammalvuo.fi\\\/wp-content\\\/uploads\\\/2024\\\/06\\\/cropped-Tapani-takakansi-mv-scaled-1.jpg\"}}]}<\/script>\n<!-- \/ Yoast SEO plugin. -->","yoast_head_json":{"title":"Tapani Sammalvuo, shakinpelaaja - Tapani Sammalvuo","robots":{"index":"index","follow":"follow","max-snippet":"max-snippet:-1","max-image-preview":"max-image-preview:large","max-video-preview":"max-video-preview:-1"},"canonical":"https:\/\/www.sammalvuo.fi\/?page_id=31","og_locale":"fi_FI","og_type":"article","og_title":"Tapani Sammalvuo, shakinpelaaja - Tapani Sammalvuo","og_description":"Kuvassa ex-MM Viswanathan Anand ja Tapani Sammalvuo pelaamassa kevytt\u00e4 peli\u00e4 M\u00e9ridassa vuonna 2000. Kuva: Alex Ojeda Lara Shakki-CV Selolistan tilanne 26.11.2002 ennen Tomi Nyb\u00e4ckin valtakautta.","og_url":"https:\/\/www.sammalvuo.fi\/?page_id=31","og_site_name":"Tapani Sammalvuo","article_modified_time":"2024-11-07T04:45:05+00:00","og_image":[{"width":604,"height":453,"url":"https:\/\/www.sammalvuo.fi\/wp-content\/uploads\/2024\/06\/Sammalvuo-Anand.jpg","type":"image\/jpeg"}],"twitter_card":"summary_large_image","twitter_misc":{"Arvioitu lukuaika":"3 minuuttia"},"schema":{"@context":"https:\/\/schema.org","@graph":[{"@type":"WebPage","@id":"https:\/\/www.sammalvuo.fi\/?page_id=31","url":"https:\/\/www.sammalvuo.fi\/?page_id=31","name":"Tapani Sammalvuo, shakinpelaaja - Tapani Sammalvuo","isPartOf":{"@id":"https:\/\/www.sammalvuo.fi\/#website"},"primaryImageOfPage":{"@id":"https:\/\/www.sammalvuo.fi\/?page_id=31#primaryimage"},"image":{"@id":"https:\/\/www.sammalvuo.fi\/?page_id=31#primaryimage"},"thumbnailUrl":"https:\/\/www.sammalvuo.fi\/wp-content\/uploads\/2024\/06\/Sammalvuo-Anand.jpg","datePublished":"2024-06-04T14:00:54+00:00","dateModified":"2024-11-07T04:45:05+00:00","breadcrumb":{"@id":"https:\/\/www.sammalvuo.fi\/?page_id=31#breadcrumb"},"inLanguage":"fi","potentialAction":[{"@type":"ReadAction","target":["https:\/\/www.sammalvuo.fi\/?page_id=31"]}]},{"@type":"ImageObject","inLanguage":"fi","@id":"https:\/\/www.sammalvuo.fi\/?page_id=31#primaryimage","url":"https:\/\/www.sammalvuo.fi\/wp-content\/uploads\/2024\/06\/Sammalvuo-Anand.jpg","contentUrl":"https:\/\/www.sammalvuo.fi\/wp-content\/uploads\/2024\/06\/Sammalvuo-Anand.jpg","width":604,"height":453},{"@type":"BreadcrumbList","@id":"https:\/\/www.sammalvuo.fi\/?page_id=31#breadcrumb","itemListElement":[{"@type":"ListItem","position":1,"name":"Etusivu","item":"https:\/\/www.sammalvuo.fi\/"},{"@type":"ListItem","position":2,"name":"Tapani Sammalvuo, shakinpelaaja"}]},{"@type":"WebSite","@id":"https:\/\/www.sammalvuo.fi\/#website","url":"https:\/\/www.sammalvuo.fi\/","name":"Tapani Sammalvuo","description":"Shakin kansainv\u00e4linen mestari, auktorisoitu k\u00e4\u00e4nt\u00e4j\u00e4, kielitieteilij\u00e4","publisher":{"@id":"https:\/\/www.sammalvuo.fi\/#\/schema\/person\/dc00c2b2a541f77c2dc2a843c2be179a"},"potentialAction":[{"@type":"SearchAction","target":{"@type":"EntryPoint","urlTemplate":"https:\/\/www.sammalvuo.fi\/?s={search_term_string}"},"query-input":{"@type":"PropertyValueSpecification","valueRequired":true,"valueName":"search_term_string"}}],"inLanguage":"fi"},{"@type":["Person","Organization"],"@id":"https:\/\/www.sammalvuo.fi\/#\/schema\/person\/dc00c2b2a541f77c2dc2a843c2be179a","name":"TapaniSammalvuo","image":{"@type":"ImageObject","inLanguage":"fi","@id":"https:\/\/www.sammalvuo.fi\/wp-content\/uploads\/2024\/06\/cropped-Tapani-takakansi-mv-scaled-1.jpg","url":"https:\/\/www.sammalvuo.fi\/wp-content\/uploads\/2024\/06\/cropped-Tapani-takakansi-mv-scaled-1.jpg","contentUrl":"https:\/\/www.sammalvuo.fi\/wp-content\/uploads\/2024\/06\/cropped-Tapani-takakansi-mv-scaled-1.jpg","width":512,"height":512,"caption":"TapaniSammalvuo"},"logo":{"@id":"https:\/\/www.sammalvuo.fi\/wp-content\/uploads\/2024\/06\/cropped-Tapani-takakansi-mv-scaled-1.jpg"}}]}},"_links":{"self":[{"href":"https:\/\/www.sammalvuo.fi\/index.php?rest_route=\/wp\/v2\/pages\/31","targetHints":{"allow":["GET"]}}],"collection":[{"href":"https:\/\/www.sammalvuo.fi\/index.php?rest_route=\/wp\/v2\/pages"}],"about":[{"href":"https:\/\/www.sammalvuo.fi\/index.php?rest_route=\/wp\/v2\/types\/page"}],"author":[{"embeddable":true,"href":"https:\/\/www.sammalvuo.fi\/index.php?rest_route=\/wp\/v2\/users\/1"}],"replies":[{"embeddable":true,"href":"https:\/\/www.sammalvuo.fi\/index.php?rest_route=%2Fwp%2Fv2%2Fcomments&post=31"}],"version-history":[{"count":10,"href":"https:\/\/www.sammalvuo.fi\/index.php?rest_route=\/wp\/v2\/pages\/31\/revisions"}],"predecessor-version":[{"id":107,"href":"https:\/\/www.sammalvuo.fi\/index.php?rest_route=\/wp\/v2\/pages\/31\/revisions\/107"}],"wp:featuredmedia":[{"embeddable":true,"href":"https:\/\/www.sammalvuo.fi\/index.php?rest_route=\/wp\/v2\/media\/33"}],"wp:attachment":[{"href":"https:\/\/www.sammalvuo.fi\/index.php?rest_route=%2Fwp%2Fv2%2Fmedia&parent=31"}],"curies":[{"name":"wp","href":"https:\/\/api.w.org\/{rel}","templated":true}]}}