{"id":46,"date":"2024-06-04T18:09:54","date_gmt":"2024-06-04T15:09:54","guid":{"rendered":"https:\/\/www.sammalvuo.fi\/?page_id=46"},"modified":"2026-01-04T11:08:22","modified_gmt":"2026-01-04T09:08:22","slug":"suosikkejani-eri-aloilta","status":"publish","type":"page","link":"https:\/\/www.sammalvuo.fi\/?page_id=46","title":{"rendered":"Suosikkejani eri aloilta"},"content":{"rendered":"\n<p><strong>Shakinpelaajat<\/strong><\/p>\n\n\n\n<ul style=\"line-height:1.75\" class=\"wp-block-list is-style-checkmark-list\">\n<li>Magnus Carlsen &#8211; kaikkien aikojen paras (ihmis-)pelaaja<\/li>\n\n\n\n<li>Bobby Fischer &#8211; eniten aikaansa edell\u00e4 &#8211; ehk\u00e4 Paul Morphyn ohella<\/li>\n\n\n\n<li>Akiba Rubinstein &#8211; ymm\u00e4rsi shakkia h\u00e4mm\u00e4stytt\u00e4v\u00e4n korkealla tasolla<\/li>\n\n\n\n<li>Ding Liren &#8211; ennustin h\u00e4nen maailmanmestaruutensa jo 2018<\/li>\n\n\n\n<li>Jos\u00e9 Ra\u00fal Capablanca &#8211; niin kaunista ja puhdasta<\/li>\n\n\n\n<li>Ulf Andersson &#8211; omaper\u00e4inen pelaaja, jolla oli \u00e4\u00e4rimm\u00e4isen hienostunut tekniikka<\/li>\n\n\n\n<li>Anatoli Karpov &#8211; t\u00e4llaista shakkia min\u00e4 haluaisin pelata<\/li>\n\n\n\n<li>Mihail Tal &#8211; h\u00e4nen pelins\u00e4 eiv\u00e4t olleet t\u00e4lt\u00e4 planeetalta; mahtava persoona<\/li>\n\n\n\n<li>AlphaZero lapsineen &#8211; totuus<\/li>\n<\/ul>\n\n\n\n<p><\/p>\n\n\n\n<p><strong>Shakkikirjat<\/strong><\/p>\n\n\n\n<ul style=\"line-height:1.75\" class=\"wp-block-list is-style-checkmark-list\">\n<li>Konsala, Kimmo; Sammalvuo, Tapani: <em><a href=\"https:\/\/shakkitori.fi\/?product=shakin-maailmanmestareita-toinen-tarkistettu-ja-laajennettu-painos\" data-type=\"link\" data-id=\"https:\/\/shakkitori.fi\/?product=shakin-maailmanmestareita-toinen-tarkistettu-ja-laajennettu-painos\">Shakin maailmanmestareita &#8211; toinen, tarkistettu ja laajennettu painos<\/a><\/em> (2024)<\/li>\n\n\n\n<li>Nyb\u00e4ck, Tomi: <em>Tomi Nyb\u00e4ckin el\u00e4m\u00e4 ja pelit <\/em>(2026)<\/li>\n\n\n\n<li>Nimzowitsch, Aron: <em>Minun j\u00e4rjestelm\u00e4ni <\/em>(2026)<\/li>\n\n\n\n<li>Sammalvuo, Tapani: <em><a href=\"http:\/\/www.gambitbooks.com\/books\/The_English_Attack.html\" data-type=\"link\" data-id=\"http:\/\/www.gambitbooks.com\/books\/The_English_Attack.html\">The English attack<\/a><\/em> (2004)<\/li>\n\n\n\n<li>Shereshevsky, Mikhail: <em>Endgame strategy <\/em>(1985) &#8211; Kirja, joka muutti pelini t\u00e4ysin sen ensimm\u00e4isen kerran luettuani vuonna 1993<\/li>\n\n\n\n<li>Dvoretsky, Mark: <em>Endgame manual &#8211; 4th edition <\/em>(2012)<\/li>\n\n\n\n<li>Dvoretsky, Mark; Yusupov, Artur:&nbsp;<em>Secrets of Positional Play: School of Future Champions 4<\/em> (2008)<\/li>\n\n\n\n<li>Dvoretsky, Mark; Yusupov, Artur: <em>Secrets of Endgame Technique: School of Future Champions 3<\/em> (2008)<\/li>\n\n\n\n<li>Fischer, Bobby: <em>My 60 memorable games <\/em>(1969)<\/li>\n\n\n\n<li>Kramnik, Vladimir; Damsky, Iakov: <em>Kramnik: my life and games <\/em>(2000)<\/li>\n\n\n\n<li>Kasparov, Garry: <em>Kasparov on Kasparov part II: 1985-2003<\/em><\/li>\n\n\n\n<li>Nunn, John; Griffits, Peter: <em>Secrets of grandmaster play <\/em>(1987)<\/li>\n\n\n\n<li>Botvinnik, Mikhail M.: <em>One hundred selected games<\/em> (1960)<\/li>\n\n\n\n<li>Sokolov, Ivan: <em>Winning chess middlegames<\/em> (2009)<\/li>\n\n\n\n<li>Lutz, Christopher: <em>Endgame secrets <\/em>(1999)<\/li>\n\n\n\n<li>King, Daniel: <em>Winning with the Najdorf<\/em> (1993)<\/li>\n<\/ul>\n\n\n\n<p><\/p>\n\n\n\n<p><strong>Pokerinpelaajat<\/strong><\/p>\n\n\n\n<ul style=\"line-height:1.75\" class=\"wp-block-list is-style-checkmark-list\">\n<li><a href=\"https:\/\/youtu.be\/QV2K5yez8Mo?si=_5ZFddcHahWPXEag\" data-type=\"link\" data-id=\"https:\/\/youtu.be\/QV2K5yez8Mo?si=_5ZFddcHahWPXEag\">Patrik Antonius<\/a><\/li>\n\n\n\n<li><a href=\"https:\/\/youtu.be\/SMJ7C4atMi0?si=vrEKAUEM5SjTmwuz\" data-type=\"link\" data-id=\"https:\/\/youtu.be\/SMJ7C4atMi0?si=vrEKAUEM5SjTmwuz\">Phil Ivey<\/a><\/li>\n\n\n\n<li>Doyle Brunson<\/li>\n\n\n\n<li>Phil Galfond<\/li>\n\n\n\n<li>Botit<\/li>\n<\/ul>\n\n\n\n<p><\/p>\n\n\n\n<p><strong>Pokerikirjat<\/strong> (kaikki n\u00e4ist\u00e4 eiv\u00e4t ole ajan tasalla, mutta niill\u00e4 kaikilla oli suuri vaikutus omaan peliini)<\/p>\n\n\n\n<ul style=\"line-height:1.75\" class=\"wp-block-list is-style-checkmark-list\">\n<li>Chen, Bill; Ankenman, Jerrod: <em>The mathematics of poker<\/em> (2006) &#8211; Totuus on kaunista &#8211; my\u00f6s pokerissa!<\/li>\n\n\n\n<li>Acevedo, Michael: <em>Modern poker theory <\/em>(2019)<\/li>\n\n\n\n<li>Sklansky, David: <em>Pokerin teoria<\/em> (2006)<\/li>\n\n\n\n<li>Harrington, Dan; Robertie, Bill: <em>Harrington on hold&#8217;em &#8211; Expert strategy for no-limit tournaments Volume I: strategic play<\/em> (2006)<\/li>\n\n\n\n<li>Grudzien, Nick; Herzog, Geoff: <em>Winning in tough hold&#8217;em games: short-handed and high-stakes concepts and theory for limit hold&#8217;em<\/em> (2006)<\/li>\n\n\n\n<li>Doyle Brunson et al.: <em>Super system 2<\/em> &#8211; T\u00e4st\u00e4 ei kannata v\u00e4ltt\u00e4m\u00e4tt\u00e4 kovin paljon en\u00e4\u00e4 oppeja ammentaa, mutta kirja on niin klassikko, kuin vain klassikko voi olla.<\/li>\n<\/ul>\n\n\n\n<p><\/p>\n\n\n\n<p><strong>K\u00e4denv\u00e4\u00e4nt\u00f6<\/strong><\/p>\n\n\n\n<ul style=\"line-height:1.75\" class=\"wp-block-list is-style-checkmark-list\">\n<li><a href=\"https:\/\/www.youtube.com\/watch?v=z4UvxqqSnZI\" data-type=\"link\" data-id=\"https:\/\/www.youtube.com\/watch?v=z4UvxqqSnZI\">Devon Larratt<\/a><\/li>\n\n\n\n<li><a href=\"https:\/\/www.youtube.com\/watch?v=3bCXgJiQ0wA\" data-type=\"link\" data-id=\"https:\/\/www.youtube.com\/watch?v=3bCXgJiQ0wA\">Denis Tsiplenkov<\/a><\/li>\n\n\n\n<li><a href=\"https:\/\/www.youtube.com\/watch?v=PbRIHF4zJKc\" data-type=\"link\" data-id=\"https:\/\/www.youtube.com\/watch?v=PbRIHF4zJKc\">John Brzenk<\/a><\/li>\n<\/ul>\n","protected":false},"excerpt":{"rendered":"<p>Shakinpelaajat Shakkikirjat Pokerinpelaajat Pokerikirjat (kaikki n\u00e4ist\u00e4 eiv\u00e4t ole ajan tasalla, mutta niill\u00e4 kaikilla oli suuri vaikutus omaan peliini) K\u00e4denv\u00e4\u00e4nt\u00f6<\/p>\n","protected":false},"author":1,"featured_media":0,"parent":0,"menu_order":0,"comment_status":"closed","ping_status":"closed","template":"","meta":{"footnotes":""},"class_list":["post-46","page","type-page","status-publish","hentry"],"yoast_head":"<!-- This site is optimized with the Yoast SEO plugin v27.6 - https:\/\/yoast.com\/product\/yoast-seo-wordpress\/ -->\n<title>Suosikkejani eri aloilta - Tapani Sammalvuo<\/title>\n<meta name=\"robots\" content=\"index, follow, max-snippet:-1, max-image-preview:large, max-video-preview:-1\" \/>\n<link rel=\"canonical\" href=\"https:\/\/www.sammalvuo.fi\/?page_id=46\" \/>\n<meta property=\"og:locale\" content=\"fi_FI\" \/>\n<meta property=\"og:type\" content=\"article\" \/>\n<meta property=\"og:title\" content=\"Suosikkejani eri aloilta - Tapani Sammalvuo\" \/>\n<meta property=\"og:description\" content=\"Shakinpelaajat Shakkikirjat Pokerinpelaajat Pokerikirjat (kaikki n\u00e4ist\u00e4 eiv\u00e4t ole ajan tasalla, mutta niill\u00e4 kaikilla oli suuri vaikutus omaan peliini) K\u00e4denv\u00e4\u00e4nt\u00f6\" \/>\n<meta property=\"og:url\" content=\"https:\/\/www.sammalvuo.fi\/?page_id=46\" \/>\n<meta property=\"og:site_name\" content=\"Tapani Sammalvuo\" \/>\n<meta property=\"article:modified_time\" content=\"2026-01-04T09:08:22+00:00\" \/>\n<meta property=\"og:image\" content=\"https:\/\/www.sammalvuo.fi\/wp-content\/uploads\/2024\/06\/cropped-Tapani-takakansi-mv-scaled-1.jpg\" \/>\n\t<meta property=\"og:image:width\" content=\"512\" \/>\n\t<meta property=\"og:image:height\" content=\"512\" \/>\n\t<meta property=\"og:image:type\" content=\"image\/jpeg\" \/>\n<meta name=\"twitter:card\" content=\"summary_large_image\" \/>\n<meta name=\"twitter:label1\" content=\"Arvioitu lukuaika\" \/>\n\t<meta name=\"twitter:data1\" content=\"3 minuuttia\" \/>\n<script type=\"application\/ld+json\" class=\"yoast-schema-graph\">{\"@context\":\"https:\\\/\\\/schema.org\",\"@graph\":[{\"@type\":\"WebPage\",\"@id\":\"https:\\\/\\\/www.sammalvuo.fi\\\/?page_id=46\",\"url\":\"https:\\\/\\\/www.sammalvuo.fi\\\/?page_id=46\",\"name\":\"Suosikkejani eri aloilta - Tapani Sammalvuo\",\"isPartOf\":{\"@id\":\"https:\\\/\\\/www.sammalvuo.fi\\\/#website\"},\"datePublished\":\"2024-06-04T15:09:54+00:00\",\"dateModified\":\"2026-01-04T09:08:22+00:00\",\"breadcrumb\":{\"@id\":\"https:\\\/\\\/www.sammalvuo.fi\\\/?page_id=46#breadcrumb\"},\"inLanguage\":\"fi\",\"potentialAction\":[{\"@type\":\"ReadAction\",\"target\":[\"https:\\\/\\\/www.sammalvuo.fi\\\/?page_id=46\"]}]},{\"@type\":\"BreadcrumbList\",\"@id\":\"https:\\\/\\\/www.sammalvuo.fi\\\/?page_id=46#breadcrumb\",\"itemListElement\":[{\"@type\":\"ListItem\",\"position\":1,\"name\":\"Etusivu\",\"item\":\"https:\\\/\\\/www.sammalvuo.fi\\\/\"},{\"@type\":\"ListItem\",\"position\":2,\"name\":\"Suosikkejani eri aloilta\"}]},{\"@type\":\"WebSite\",\"@id\":\"https:\\\/\\\/www.sammalvuo.fi\\\/#website\",\"url\":\"https:\\\/\\\/www.sammalvuo.fi\\\/\",\"name\":\"Tapani Sammalvuo\",\"description\":\"Shakin kansainv\u00e4linen mestari, auktorisoitu k\u00e4\u00e4nt\u00e4j\u00e4, kielitieteilij\u00e4\",\"publisher\":{\"@id\":\"https:\\\/\\\/www.sammalvuo.fi\\\/#\\\/schema\\\/person\\\/dc00c2b2a541f77c2dc2a843c2be179a\"},\"potentialAction\":[{\"@type\":\"SearchAction\",\"target\":{\"@type\":\"EntryPoint\",\"urlTemplate\":\"https:\\\/\\\/www.sammalvuo.fi\\\/?s={search_term_string}\"},\"query-input\":{\"@type\":\"PropertyValueSpecification\",\"valueRequired\":true,\"valueName\":\"search_term_string\"}}],\"inLanguage\":\"fi\"},{\"@type\":[\"Person\",\"Organization\"],\"@id\":\"https:\\\/\\\/www.sammalvuo.fi\\\/#\\\/schema\\\/person\\\/dc00c2b2a541f77c2dc2a843c2be179a\",\"name\":\"TapaniSammalvuo\",\"image\":{\"@type\":\"ImageObject\",\"inLanguage\":\"fi\",\"@id\":\"https:\\\/\\\/www.sammalvuo.fi\\\/wp-content\\\/uploads\\\/2024\\\/06\\\/cropped-Tapani-takakansi-mv-scaled-1.jpg\",\"url\":\"https:\\\/\\\/www.sammalvuo.fi\\\/wp-content\\\/uploads\\\/2024\\\/06\\\/cropped-Tapani-takakansi-mv-scaled-1.jpg\",\"contentUrl\":\"https:\\\/\\\/www.sammalvuo.fi\\\/wp-content\\\/uploads\\\/2024\\\/06\\\/cropped-Tapani-takakansi-mv-scaled-1.jpg\",\"width\":512,\"height\":512,\"caption\":\"TapaniSammalvuo\"},\"logo\":{\"@id\":\"https:\\\/\\\/www.sammalvuo.fi\\\/wp-content\\\/uploads\\\/2024\\\/06\\\/cropped-Tapani-takakansi-mv-scaled-1.jpg\"}}]}<\/script>\n<!-- \/ Yoast SEO plugin. -->","yoast_head_json":{"title":"Suosikkejani eri aloilta - Tapani Sammalvuo","robots":{"index":"index","follow":"follow","max-snippet":"max-snippet:-1","max-image-preview":"max-image-preview:large","max-video-preview":"max-video-preview:-1"},"canonical":"https:\/\/www.sammalvuo.fi\/?page_id=46","og_locale":"fi_FI","og_type":"article","og_title":"Suosikkejani eri aloilta - Tapani Sammalvuo","og_description":"Shakinpelaajat Shakkikirjat Pokerinpelaajat Pokerikirjat (kaikki n\u00e4ist\u00e4 eiv\u00e4t ole ajan tasalla, mutta niill\u00e4 kaikilla oli suuri vaikutus omaan peliini) K\u00e4denv\u00e4\u00e4nt\u00f6","og_url":"https:\/\/www.sammalvuo.fi\/?page_id=46","og_site_name":"Tapani Sammalvuo","article_modified_time":"2026-01-04T09:08:22+00:00","og_image":[{"width":512,"height":512,"url":"https:\/\/www.sammalvuo.fi\/wp-content\/uploads\/2024\/06\/cropped-Tapani-takakansi-mv-scaled-1.jpg","type":"image\/jpeg"}],"twitter_card":"summary_large_image","twitter_misc":{"Arvioitu lukuaika":"3 minuuttia"},"schema":{"@context":"https:\/\/schema.org","@graph":[{"@type":"WebPage","@id":"https:\/\/www.sammalvuo.fi\/?page_id=46","url":"https:\/\/www.sammalvuo.fi\/?page_id=46","name":"Suosikkejani eri aloilta - Tapani Sammalvuo","isPartOf":{"@id":"https:\/\/www.sammalvuo.fi\/#website"},"datePublished":"2024-06-04T15:09:54+00:00","dateModified":"2026-01-04T09:08:22+00:00","breadcrumb":{"@id":"https:\/\/www.sammalvuo.fi\/?page_id=46#breadcrumb"},"inLanguage":"fi","potentialAction":[{"@type":"ReadAction","target":["https:\/\/www.sammalvuo.fi\/?page_id=46"]}]},{"@type":"BreadcrumbList","@id":"https:\/\/www.sammalvuo.fi\/?page_id=46#breadcrumb","itemListElement":[{"@type":"ListItem","position":1,"name":"Etusivu","item":"https:\/\/www.sammalvuo.fi\/"},{"@type":"ListItem","position":2,"name":"Suosikkejani eri aloilta"}]},{"@type":"WebSite","@id":"https:\/\/www.sammalvuo.fi\/#website","url":"https:\/\/www.sammalvuo.fi\/","name":"Tapani Sammalvuo","description":"Shakin kansainv\u00e4linen mestari, auktorisoitu k\u00e4\u00e4nt\u00e4j\u00e4, kielitieteilij\u00e4","publisher":{"@id":"https:\/\/www.sammalvuo.fi\/#\/schema\/person\/dc00c2b2a541f77c2dc2a843c2be179a"},"potentialAction":[{"@type":"SearchAction","target":{"@type":"EntryPoint","urlTemplate":"https:\/\/www.sammalvuo.fi\/?s={search_term_string}"},"query-input":{"@type":"PropertyValueSpecification","valueRequired":true,"valueName":"search_term_string"}}],"inLanguage":"fi"},{"@type":["Person","Organization"],"@id":"https:\/\/www.sammalvuo.fi\/#\/schema\/person\/dc00c2b2a541f77c2dc2a843c2be179a","name":"TapaniSammalvuo","image":{"@type":"ImageObject","inLanguage":"fi","@id":"https:\/\/www.sammalvuo.fi\/wp-content\/uploads\/2024\/06\/cropped-Tapani-takakansi-mv-scaled-1.jpg","url":"https:\/\/www.sammalvuo.fi\/wp-content\/uploads\/2024\/06\/cropped-Tapani-takakansi-mv-scaled-1.jpg","contentUrl":"https:\/\/www.sammalvuo.fi\/wp-content\/uploads\/2024\/06\/cropped-Tapani-takakansi-mv-scaled-1.jpg","width":512,"height":512,"caption":"TapaniSammalvuo"},"logo":{"@id":"https:\/\/www.sammalvuo.fi\/wp-content\/uploads\/2024\/06\/cropped-Tapani-takakansi-mv-scaled-1.jpg"}}]}},"_links":{"self":[{"href":"https:\/\/www.sammalvuo.fi\/index.php?rest_route=\/wp\/v2\/pages\/46","targetHints":{"allow":["GET"]}}],"collection":[{"href":"https:\/\/www.sammalvuo.fi\/index.php?rest_route=\/wp\/v2\/pages"}],"about":[{"href":"https:\/\/www.sammalvuo.fi\/index.php?rest_route=\/wp\/v2\/types\/page"}],"author":[{"embeddable":true,"href":"https:\/\/www.sammalvuo.fi\/index.php?rest_route=\/wp\/v2\/users\/1"}],"replies":[{"embeddable":true,"href":"https:\/\/www.sammalvuo.fi\/index.php?rest_route=%2Fwp%2Fv2%2Fcomments&post=46"}],"version-history":[{"count":4,"href":"https:\/\/www.sammalvuo.fi\/index.php?rest_route=\/wp\/v2\/pages\/46\/revisions"}],"predecessor-version":[{"id":117,"href":"https:\/\/www.sammalvuo.fi\/index.php?rest_route=\/wp\/v2\/pages\/46\/revisions\/117"}],"wp:attachment":[{"href":"https:\/\/www.sammalvuo.fi\/index.php?rest_route=%2Fwp%2Fv2%2Fmedia&parent=46"}],"curies":[{"name":"wp","href":"https:\/\/api.w.org\/{rel}","templated":true}]}}