{"id":81,"date":"2024-06-10T18:03:05","date_gmt":"2024-06-10T15:03:05","guid":{"rendered":"https:\/\/www.sammalvuo.fi\/?page_id=81"},"modified":"2024-06-11T13:00:58","modified_gmt":"2024-06-11T10:00:58","slug":"pelaamani-pelit","status":"publish","type":"page","link":"https:\/\/www.sammalvuo.fi\/?page_id=81","title":{"rendered":"Puuttuvat pelini"},"content":{"rendered":"\n<p>Ker\u00e4\u00e4n puuttuvia pelej\u00e4ni. Seuraavat pitkill\u00e4 miettimisajoilla pelatut pelini ovat kokonaan tai osittain hukassa:<\/p>\n\n\n\n<p>TS-Martti Karppinen, Helsinki 26.3.1989 (0-1)<\/p>\n\n\n\n<p>Arvid Wikner-TS, Torshavn 16.2.1991 (1-0)<\/p>\n\n\n\n<p>TS-Lars Borbjerggaard, Torshavn 16.2.1991 (0-1)<\/p>\n\n\n\n<p>Sergei Birjukoff-TS, Mikkeli We 4. kierros, 3.5.1992 (1-0) [Vastustaja ja v\u00e4rit ep\u00e4varmoja]<\/p>\n\n\n\n<p>TS-Peter Heine Nielsen, Orsa 9.10.1992 (\u00bd-\u00bd)<\/p>\n\n\n\n<p>Kalle Kiik-TS, Helsinki We G 5. kierros, 25.10.1992 (1-0) [V\u00e4ri ja vastustaja ep\u00e4varmoja]<\/p>\n\n\n\n<p>Jari Vertanen-TS, Raisio 1. kierros, 18.9.1993 (1-0)<\/p>\n\n\n\n<p>TS-NN, Helsinki We ESK, 4. kierros, 5.12.1993 (1-0) [V\u00e4ri ep\u00e4varma]<\/p>\n\n\n\n<p>NN-TS, Helsinki We ESK, 5. kierros, 5.12.1993 (0-1) [V\u00e4ri ep\u00e4varma]<\/p>\n\n\n\n<p>NN-TS, Jyv\u00e4skyl\u00e4 Heart of Finland, 2. kierros 19.7.1994 (0-1)<\/p>\n\n\n\n<p>Per Ofstad-TS, Oslo We, 2. kierros, 15.4.1995 (0-1)<\/p>\n\n\n\n<div class=\"wp-block-group has-global-padding is-layout-constrained wp-block-group-is-layout-constrained\">\n<p>NN-TS, Oslo We, 4. kierros, 16.4.1995 (0-1)<\/p>\n<\/div>\n\n\n\n<p>NN-TS, Tampere We TampY, 1. kierros, 13.5.1995 (\u00bd-\u00bd)<\/p>\n\n\n\n<p>TS-NN, Kurikka KurVi 1 t, 7. kierros, 29.8.1997 (1-0)<\/p>\n\n\n\n<p>TS-NN, Helsinki We HSK, 5. kierros, 22.8.1999 (1-0) [V\u00e4ri ja vastustaja eiv\u00e4t tiedossa, voitin pelin]<\/p>\n\n\n\n<p>Cappelle la Grande 19.2.-26.2.2000 (kierrosten 1-4 ja 6-9 pelit puuttuvat kokonaan, kolmannen kierroksen pelini oli Konstantin Lerneri\u00e4 vastaan ja se p\u00e4\u00e4ttyi tasan)<\/p>\n\n\n\n<p>TS-Carlos Garm\u00e9ndez Gonz\u00e1lez, M\u00e9rida, 6. kierros, 19.12.2000 (1-0)<\/p>\n\n\n\n<p>TS-NN, Durango, 3. kierros, 14.7.2001 (1-0)<\/p>\n\n\n\n<p>Kaikki lyhyemmill\u00e4 miettimisajoilla pelatut pelit ovat my\u00f6s tervetulleita. Ota yhteytt\u00e4 tapani@sammalvuo.fi.<\/p>\n\n\n\n<p><\/p>\n\n\n\n<p>Yst\u00e4v\u00e4ni Santul Kosmo puolestaan kaipaa seuraavia pelej\u00e4\u00e4n:<\/p>\n\n\n\n<p>SK-Antti Koskinen, Raisio Koululaisten SM, 6. kierros, 12.11.2000 (0-1)<\/p>\n\n\n\n<p>SK-Mauno Kangas, Espoo We ESK B, 4. kierros, 10.12.2000 (1-0)<\/p>\n\n\n\n<p>SK-Wendelin Sprenger, Goa, Nuorten MM, 13. kierros, 20.12.2002 (1-0)<\/p>\n\n\n\n<p>Lis\u00e4ksi kaikki h\u00e4nen Mikkelin viikonlopputurnauksessa 25.-26.5.2002 pelaamansa pelit ovat hukassa 4. kierroksen peli\u00e4 lukuun ottamatta.<\/p>\n","protected":false},"excerpt":{"rendered":"<p>Ker\u00e4\u00e4n puuttuvia pelej\u00e4ni. Seuraavat pitkill\u00e4 miettimisajoilla pelatut pelini ovat kokonaan tai osittain hukassa: TS-Martti Karppinen, Helsinki 26.3.1989 (0-1) Arvid Wikner-TS, Torshavn 16.2.1991 (1-0) TS-Lars Borbjerggaard, Torshavn 16.2.1991 (0-1) Sergei Birjukoff-TS, Mikkeli We 4. kierros, 3.5.1992 (1-0) [Vastustaja ja v\u00e4rit ep\u00e4varmoja] TS-Peter Heine Nielsen, Orsa 9.10.1992 (\u00bd-\u00bd) Kalle Kiik-TS, Helsinki We G 5. kierros, 25.10.1992 (1-0) [&hellip;]<\/p>\n","protected":false},"author":1,"featured_media":0,"parent":0,"menu_order":0,"comment_status":"closed","ping_status":"closed","template":"","meta":{"footnotes":""},"class_list":["post-81","page","type-page","status-publish","hentry"],"yoast_head":"<!-- This site is optimized with the Yoast SEO plugin v27.5 - https:\/\/yoast.com\/product\/yoast-seo-wordpress\/ -->\n<title>Puuttuvat pelini - Tapani Sammalvuo<\/title>\n<meta name=\"robots\" content=\"index, follow, max-snippet:-1, max-image-preview:large, max-video-preview:-1\" \/>\n<link rel=\"canonical\" href=\"https:\/\/www.sammalvuo.fi\/?page_id=81\" \/>\n<meta property=\"og:locale\" content=\"fi_FI\" \/>\n<meta property=\"og:type\" content=\"article\" \/>\n<meta property=\"og:title\" content=\"Puuttuvat pelini - Tapani Sammalvuo\" \/>\n<meta property=\"og:description\" content=\"Ker\u00e4\u00e4n puuttuvia pelej\u00e4ni. Seuraavat pitkill\u00e4 miettimisajoilla pelatut pelini ovat kokonaan tai osittain hukassa: TS-Martti Karppinen, Helsinki 26.3.1989 (0-1) Arvid Wikner-TS, Torshavn 16.2.1991 (1-0) TS-Lars Borbjerggaard, Torshavn 16.2.1991 (0-1) Sergei Birjukoff-TS, Mikkeli We 4. kierros, 3.5.1992 (1-0) [Vastustaja ja v\u00e4rit ep\u00e4varmoja] TS-Peter Heine Nielsen, Orsa 9.10.1992 (\u00bd-\u00bd) Kalle Kiik-TS, Helsinki We G 5. kierros, 25.10.1992 (1-0) [&hellip;]\" \/>\n<meta property=\"og:url\" content=\"https:\/\/www.sammalvuo.fi\/?page_id=81\" \/>\n<meta property=\"og:site_name\" content=\"Tapani Sammalvuo\" \/>\n<meta property=\"article:modified_time\" content=\"2024-06-11T10:00:58+00:00\" \/>\n<meta property=\"og:image\" content=\"https:\/\/www.sammalvuo.fi\/wp-content\/uploads\/2024\/06\/cropped-Tapani-takakansi-mv-scaled-1.jpg\" \/>\n\t<meta property=\"og:image:width\" content=\"512\" \/>\n\t<meta property=\"og:image:height\" content=\"512\" \/>\n\t<meta property=\"og:image:type\" content=\"image\/jpeg\" \/>\n<meta name=\"twitter:card\" content=\"summary_large_image\" \/>\n<meta name=\"twitter:label1\" content=\"Arvioitu lukuaika\" \/>\n\t<meta name=\"twitter:data1\" content=\"1 minuutti\" \/>\n<script type=\"application\/ld+json\" class=\"yoast-schema-graph\">{\"@context\":\"https:\\\/\\\/schema.org\",\"@graph\":[{\"@type\":\"WebPage\",\"@id\":\"https:\\\/\\\/www.sammalvuo.fi\\\/?page_id=81\",\"url\":\"https:\\\/\\\/www.sammalvuo.fi\\\/?page_id=81\",\"name\":\"Puuttuvat pelini - Tapani Sammalvuo\",\"isPartOf\":{\"@id\":\"https:\\\/\\\/www.sammalvuo.fi\\\/#website\"},\"datePublished\":\"2024-06-10T15:03:05+00:00\",\"dateModified\":\"2024-06-11T10:00:58+00:00\",\"breadcrumb\":{\"@id\":\"https:\\\/\\\/www.sammalvuo.fi\\\/?page_id=81#breadcrumb\"},\"inLanguage\":\"fi\",\"potentialAction\":[{\"@type\":\"ReadAction\",\"target\":[\"https:\\\/\\\/www.sammalvuo.fi\\\/?page_id=81\"]}]},{\"@type\":\"BreadcrumbList\",\"@id\":\"https:\\\/\\\/www.sammalvuo.fi\\\/?page_id=81#breadcrumb\",\"itemListElement\":[{\"@type\":\"ListItem\",\"position\":1,\"name\":\"Etusivu\",\"item\":\"https:\\\/\\\/www.sammalvuo.fi\\\/\"},{\"@type\":\"ListItem\",\"position\":2,\"name\":\"Puuttuvat pelini\"}]},{\"@type\":\"WebSite\",\"@id\":\"https:\\\/\\\/www.sammalvuo.fi\\\/#website\",\"url\":\"https:\\\/\\\/www.sammalvuo.fi\\\/\",\"name\":\"Tapani Sammalvuo\",\"description\":\"Shakin kansainv\u00e4linen mestari, auktorisoitu k\u00e4\u00e4nt\u00e4j\u00e4, kielitieteilij\u00e4\",\"publisher\":{\"@id\":\"https:\\\/\\\/www.sammalvuo.fi\\\/#\\\/schema\\\/person\\\/dc00c2b2a541f77c2dc2a843c2be179a\"},\"potentialAction\":[{\"@type\":\"SearchAction\",\"target\":{\"@type\":\"EntryPoint\",\"urlTemplate\":\"https:\\\/\\\/www.sammalvuo.fi\\\/?s={search_term_string}\"},\"query-input\":{\"@type\":\"PropertyValueSpecification\",\"valueRequired\":true,\"valueName\":\"search_term_string\"}}],\"inLanguage\":\"fi\"},{\"@type\":[\"Person\",\"Organization\"],\"@id\":\"https:\\\/\\\/www.sammalvuo.fi\\\/#\\\/schema\\\/person\\\/dc00c2b2a541f77c2dc2a843c2be179a\",\"name\":\"TapaniSammalvuo\",\"image\":{\"@type\":\"ImageObject\",\"inLanguage\":\"fi\",\"@id\":\"https:\\\/\\\/www.sammalvuo.fi\\\/wp-content\\\/uploads\\\/2024\\\/06\\\/cropped-Tapani-takakansi-mv-scaled-1.jpg\",\"url\":\"https:\\\/\\\/www.sammalvuo.fi\\\/wp-content\\\/uploads\\\/2024\\\/06\\\/cropped-Tapani-takakansi-mv-scaled-1.jpg\",\"contentUrl\":\"https:\\\/\\\/www.sammalvuo.fi\\\/wp-content\\\/uploads\\\/2024\\\/06\\\/cropped-Tapani-takakansi-mv-scaled-1.jpg\",\"width\":512,\"height\":512,\"caption\":\"TapaniSammalvuo\"},\"logo\":{\"@id\":\"https:\\\/\\\/www.sammalvuo.fi\\\/wp-content\\\/uploads\\\/2024\\\/06\\\/cropped-Tapani-takakansi-mv-scaled-1.jpg\"}}]}<\/script>\n<!-- \/ Yoast SEO plugin. -->","yoast_head_json":{"title":"Puuttuvat pelini - Tapani Sammalvuo","robots":{"index":"index","follow":"follow","max-snippet":"max-snippet:-1","max-image-preview":"max-image-preview:large","max-video-preview":"max-video-preview:-1"},"canonical":"https:\/\/www.sammalvuo.fi\/?page_id=81","og_locale":"fi_FI","og_type":"article","og_title":"Puuttuvat pelini - Tapani Sammalvuo","og_description":"Ker\u00e4\u00e4n puuttuvia pelej\u00e4ni. Seuraavat pitkill\u00e4 miettimisajoilla pelatut pelini ovat kokonaan tai osittain hukassa: TS-Martti Karppinen, Helsinki 26.3.1989 (0-1) Arvid Wikner-TS, Torshavn 16.2.1991 (1-0) TS-Lars Borbjerggaard, Torshavn 16.2.1991 (0-1) Sergei Birjukoff-TS, Mikkeli We 4. kierros, 3.5.1992 (1-0) [Vastustaja ja v\u00e4rit ep\u00e4varmoja] TS-Peter Heine Nielsen, Orsa 9.10.1992 (\u00bd-\u00bd) Kalle Kiik-TS, Helsinki We G 5. kierros, 25.10.1992 (1-0) [&hellip;]","og_url":"https:\/\/www.sammalvuo.fi\/?page_id=81","og_site_name":"Tapani Sammalvuo","article_modified_time":"2024-06-11T10:00:58+00:00","og_image":[{"width":512,"height":512,"url":"https:\/\/www.sammalvuo.fi\/wp-content\/uploads\/2024\/06\/cropped-Tapani-takakansi-mv-scaled-1.jpg","type":"image\/jpeg"}],"twitter_card":"summary_large_image","twitter_misc":{"Arvioitu lukuaika":"1 minuutti"},"schema":{"@context":"https:\/\/schema.org","@graph":[{"@type":"WebPage","@id":"https:\/\/www.sammalvuo.fi\/?page_id=81","url":"https:\/\/www.sammalvuo.fi\/?page_id=81","name":"Puuttuvat pelini - Tapani Sammalvuo","isPartOf":{"@id":"https:\/\/www.sammalvuo.fi\/#website"},"datePublished":"2024-06-10T15:03:05+00:00","dateModified":"2024-06-11T10:00:58+00:00","breadcrumb":{"@id":"https:\/\/www.sammalvuo.fi\/?page_id=81#breadcrumb"},"inLanguage":"fi","potentialAction":[{"@type":"ReadAction","target":["https:\/\/www.sammalvuo.fi\/?page_id=81"]}]},{"@type":"BreadcrumbList","@id":"https:\/\/www.sammalvuo.fi\/?page_id=81#breadcrumb","itemListElement":[{"@type":"ListItem","position":1,"name":"Etusivu","item":"https:\/\/www.sammalvuo.fi\/"},{"@type":"ListItem","position":2,"name":"Puuttuvat pelini"}]},{"@type":"WebSite","@id":"https:\/\/www.sammalvuo.fi\/#website","url":"https:\/\/www.sammalvuo.fi\/","name":"Tapani Sammalvuo","description":"Shakin kansainv\u00e4linen mestari, auktorisoitu k\u00e4\u00e4nt\u00e4j\u00e4, kielitieteilij\u00e4","publisher":{"@id":"https:\/\/www.sammalvuo.fi\/#\/schema\/person\/dc00c2b2a541f77c2dc2a843c2be179a"},"potentialAction":[{"@type":"SearchAction","target":{"@type":"EntryPoint","urlTemplate":"https:\/\/www.sammalvuo.fi\/?s={search_term_string}"},"query-input":{"@type":"PropertyValueSpecification","valueRequired":true,"valueName":"search_term_string"}}],"inLanguage":"fi"},{"@type":["Person","Organization"],"@id":"https:\/\/www.sammalvuo.fi\/#\/schema\/person\/dc00c2b2a541f77c2dc2a843c2be179a","name":"TapaniSammalvuo","image":{"@type":"ImageObject","inLanguage":"fi","@id":"https:\/\/www.sammalvuo.fi\/wp-content\/uploads\/2024\/06\/cropped-Tapani-takakansi-mv-scaled-1.jpg","url":"https:\/\/www.sammalvuo.fi\/wp-content\/uploads\/2024\/06\/cropped-Tapani-takakansi-mv-scaled-1.jpg","contentUrl":"https:\/\/www.sammalvuo.fi\/wp-content\/uploads\/2024\/06\/cropped-Tapani-takakansi-mv-scaled-1.jpg","width":512,"height":512,"caption":"TapaniSammalvuo"},"logo":{"@id":"https:\/\/www.sammalvuo.fi\/wp-content\/uploads\/2024\/06\/cropped-Tapani-takakansi-mv-scaled-1.jpg"}}]}},"_links":{"self":[{"href":"https:\/\/www.sammalvuo.fi\/index.php?rest_route=\/wp\/v2\/pages\/81","targetHints":{"allow":["GET"]}}],"collection":[{"href":"https:\/\/www.sammalvuo.fi\/index.php?rest_route=\/wp\/v2\/pages"}],"about":[{"href":"https:\/\/www.sammalvuo.fi\/index.php?rest_route=\/wp\/v2\/types\/page"}],"author":[{"embeddable":true,"href":"https:\/\/www.sammalvuo.fi\/index.php?rest_route=\/wp\/v2\/users\/1"}],"replies":[{"embeddable":true,"href":"https:\/\/www.sammalvuo.fi\/index.php?rest_route=%2Fwp%2Fv2%2Fcomments&post=81"}],"version-history":[{"count":7,"href":"https:\/\/www.sammalvuo.fi\/index.php?rest_route=\/wp\/v2\/pages\/81\/revisions"}],"predecessor-version":[{"id":96,"href":"https:\/\/www.sammalvuo.fi\/index.php?rest_route=\/wp\/v2\/pages\/81\/revisions\/96"}],"wp:attachment":[{"href":"https:\/\/www.sammalvuo.fi\/index.php?rest_route=%2Fwp%2Fv2%2Fmedia&parent=81"}],"curies":[{"name":"wp","href":"https:\/\/api.w.org\/{rel}","templated":true}]}}